{"id":2,"date":"2025-09-16T11:32:00","date_gmt":"2025-09-16T11:32:00","guid":{"rendered":"https:\/\/eegfrei.de\/?page_id=2"},"modified":"2026-03-31T11:57:13","modified_gmt":"2026-03-31T11:57:13","slug":"sample-page","status":"publish","type":"page","link":"https:\/\/eegfrei.de\/","title":{"rendered":"Startseite"},"content":{"rendered":"\t\t<div data-elementor-type=\"wp-page\" data-elementor-id=\"2\" class=\"elementor elementor-2\" data-elementor-post-type=\"page\">\n\t\t\t\t<div class=\"elementor-element elementor-element-2bd53a36 e-flex e-con-boxed e-con e-parent\" data-id=\"2bd53a36\" data-element_type=\"container\" data-settings=\"{&quot;background_background&quot;:&quot;classic&quot;}\">\n\t\t\t\t\t<div class=\"e-con-inner\">\n\t\t<div class=\"elementor-element elementor-element-3479e19b e-con-full animated-slow e-flex elementor-invisible e-con e-child\" data-id=\"3479e19b\" data-element_type=\"container\" data-settings=\"{&quot;animation&quot;:&quot;fadeInLeft&quot;}\">\n\t\t\t\t<div class=\"elementor-element elementor-element-508eef26 elementor-widget elementor-widget-heading\" data-id=\"508eef26\" data-element_type=\"widget\" data-widget_type=\"heading.default\">\n\t\t\t\t\t<h1 class=\"elementor-heading-title elementor-size-default\">Die EEG-F\u00f6rderung endet \u2013 Ihr Ertrag nicht.<\/h1>\t\t\t\t<\/div>\n\t\t\t\t<div class=\"elementor-element elementor-element-6206f93b elementor-widget__width-initial elementor-widget-mobile__width-inherit elementor-widget elementor-widget-text-editor\" data-id=\"6206f93b\" data-element_type=\"widget\" data-widget_type=\"text-editor.default\">\n\t\t\t\t\t\t\t\t\t<p>Wir machen PV-Anlagen nach der F\u00f6rderung profitabel: mit klaren Konzepten f\u00fcr Elektrofachbetriebe, private Haushalte und Unternehmen \u2013 von der Analyse \u00fcber Eigenverbrauchs-Optimierung bis zur Vermarktung (\u00dc20, Direktvermarktung, Mieterstrom, PPA) inklusive Umsetzung.<\/p>\t\t\t\t\t\t\t\t<\/div>\n\t\t\t\t<div class=\"elementor-element elementor-element-1878ffac elementor-mobile-align-justify elementor-widget elementor-widget-button\" data-id=\"1878ffac\" data-element_type=\"widget\" data-widget_type=\"button.default\">\n\t\t\t\t\t\t\t\t\t\t<a class=\"elementor-button elementor-button-link elementor-size-sm\" href=\"https:\/\/eegfrei.de\/?page_id=21\">\n\t\t\t\t\t\t<span class=\"elementor-button-content-wrapper\">\n\t\t\t\t\t\t\t\t\t<span class=\"elementor-button-text\">Kontaktieren Sie uns<\/span>\n\t\t\t\t\t<\/span>\n\t\t\t\t\t<\/a>\n\t\t\t\t\t\t\t\t<\/div>\n\t\t\t\t<\/div>\n\t\t<div class=\"elementor-element elementor-element-12bd67cc e-con-full animated-slow e-flex elementor-invisible e-con e-child\" data-id=\"12bd67cc\" data-element_type=\"container\" data-settings=\"{&quot;animation&quot;:&quot;fadeInRight&quot;}\">\n\t\t<div class=\"elementor-element elementor-element-20fbb5bd e-con-full elementor-hidden-mobile e-flex e-con e-child\" data-id=\"20fbb5bd\" data-element_type=\"container\" data-settings=\"{&quot;background_background&quot;:&quot;classic&quot;}\">\n\t\t\t\t<\/div>\n\t\t<div class=\"elementor-element elementor-element-10685d20 e-con-full e-flex e-con e-child\" data-id=\"10685d20\" data-element_type=\"container\" data-settings=\"{&quot;background_background&quot;:&quot;classic&quot;}\">\n\t\t\t\t<\/div>\n\t\t\t\t<\/div>\n\t\t\t\t\t<\/div>\n\t\t\t\t<\/div>\n\t\t<div class=\"elementor-element elementor-element-2b1cfbaf e-flex e-con-boxed e-con e-parent\" data-id=\"2b1cfbaf\" data-element_type=\"container\">\n\t\t\t\t\t<div class=\"e-con-inner\">\n\t\t<div class=\"elementor-element elementor-element-29bd57f6 e-con-full e-flex e-con e-child\" data-id=\"29bd57f6\" data-element_type=\"container\">\n\t\t<div class=\"elementor-element elementor-element-69f97458 e-con-full animated-slow e-flex elementor-invisible e-con e-child\" data-id=\"69f97458\" data-element_type=\"container\" data-settings=\"{&quot;background_background&quot;:&quot;classic&quot;,&quot;animation&quot;:&quot;fadeInUp&quot;}\">\n\t\t\t\t<\/div>\n\t\t<div class=\"elementor-element elementor-element-4545a29e e-con-full e-flex e-con e-child\" data-id=\"4545a29e\" data-element_type=\"container\">\n\t\t<div class=\"elementor-element elementor-element-793e3ea6 e-con-full animated-slow e-flex elementor-invisible e-con e-child\" data-id=\"793e3ea6\" data-element_type=\"container\" data-settings=\"{&quot;background_background&quot;:&quot;classic&quot;,&quot;animation&quot;:&quot;fadeInUp&quot;}\">\n\t\t\t\t<div class=\"elementor-element elementor-element-22beb22c elementor-widget elementor-widget-heading\" data-id=\"22beb22c\" data-element_type=\"widget\" data-widget_type=\"heading.default\">\n\t\t\t\t\t<h2 class=\"elementor-heading-title elementor-size-default\">Unsere Vision<\/h2>\t\t\t\t<\/div>\n\t\t\t\t<div class=\"elementor-element elementor-element-6bfd0807 elementor-widget elementor-widget-text-editor\" data-id=\"6bfd0807\" data-element_type=\"widget\" data-widget_type=\"text-editor.default\">\n\t\t\t\t\t\t\t\t\t<p><strong data-start=\"143\" data-end=\"176\">ohneEEG bleibt PV profitabel.<\/strong> Wir schaffen den Standard, der Fachbetriebe skalieren l\u00e4sst und private wie gewerbliche Betreiber dauerhaft profitieren l\u00e4sst \u2013 <strong data-start=\"305\" data-end=\"335\">transparent, fair, messbar<\/strong>. Dabei erh\u00f6hen wir den Eigenverbrauch, senken CO\u2082-Emissionen, schonen Ressourcen durch Nachr\u00fcstung statt Neubaubedarf und st\u00e4rken die regionale Wertsch\u00f6pfung.<\/p>\t\t\t\t\t\t\t\t<\/div>\n\t\t\t\t<\/div>\n\t\t<div class=\"elementor-element elementor-element-670d5b00 e-con-full animated-slow e-flex elementor-invisible e-con e-child\" data-id=\"670d5b00\" data-element_type=\"container\" data-settings=\"{&quot;background_background&quot;:&quot;classic&quot;,&quot;animation&quot;:&quot;fadeInUp&quot;}\">\n\t\t\t\t<div class=\"elementor-element elementor-element-3be53865 elementor-widget elementor-widget-heading\" data-id=\"3be53865\" data-element_type=\"widget\" data-widget_type=\"heading.default\">\n\t\t\t\t\t<h2 class=\"elementor-heading-title elementor-size-default\">Unsere Mission<\/h2>\t\t\t\t<\/div>\n\t\t\t\t<div class=\"elementor-element elementor-element-7c21ede0 elementor-widget elementor-widget-text-editor\" data-id=\"7c21ede0\" data-element_type=\"widget\" data-widget_type=\"text-editor.default\">\n\t\t\t\t\t\t\t\t\t<p>Wir Vernetzen <strong data-start=\"483\" data-end=\"511\">Fachbetriebe mit Betreibern<\/strong>.<br data-start=\"512\" data-end=\"515\">\nQualifizieren <strong data-start=\"529\" data-end=\"544\">\u00dc20-Chancen<\/strong> aus \u00f6ffentlichen Daten.<br data-start=\"568\" data-end=\"571\">\nUmsetzen <strong data-start=\"580\" data-end=\"606\">standardisierte Pakete<\/strong> mit sauberer Kalkulation.<br data-start=\"632\" data-end=\"635\">\n<em data-start=\"635\" data-end=\"680\">Ergebnis: planbare Erl\u00f6se &amp; Serviceums\u00e4tze.<\/em><\/p>\t\t\t\t\t\t\t\t<\/div>\n\t\t\t\t<\/div>\n\t\t\t\t<\/div>\n\t\t\t\t<\/div>\n\t\t<div class=\"elementor-element elementor-element-5f2a98ea e-con-full e-flex e-con e-child\" data-id=\"5f2a98ea\" data-element_type=\"container\">\n\t\t<div class=\"elementor-element elementor-element-17db21e e-con-full e-flex e-con e-child\" data-id=\"17db21e\" data-element_type=\"container\">\n\t\t\t\t<div class=\"elementor-element elementor-element-77f4d72b elementor-widget elementor-widget-heading\" data-id=\"77f4d72b\" data-element_type=\"widget\" data-widget_type=\"heading.default\">\n\t\t\t\t\t<h2 class=\"elementor-heading-title elementor-size-default\">\u00dcber uns<\/h2>\t\t\t\t<\/div>\n\t\t\t\t<div class=\"elementor-element elementor-element-787d0a85 elementor-widget-tablet__width-initial elementor-widget-mobile__width-inherit elementor-widget elementor-widget-heading\" data-id=\"787d0a85\" data-element_type=\"widget\" data-widget_type=\"heading.default\">\n\t\t\t\t\t<h2 class=\"elementor-heading-title elementor-size-default\">Wir machen PV nach der F\u00f6rderung planbar profitabel.<\/h2>\t\t\t\t<\/div>\n\t\t\t\t<div class=\"elementor-element elementor-element-477af0fe elementor-widget-tablet__width-initial elementor-widget-mobile__width-inherit elementor-widget elementor-widget-text-editor\" data-id=\"477af0fe\" data-element_type=\"widget\" data-widget_type=\"text-editor.default\">\n\t\t\t\t\t\t\t\t\t<p>ohneEEG.de vernetzt Fachbetriebe mit privaten und gewerblichen Betreibern von \u00dc20-PV-Anlagen. Neutral, transparent, wirtschaftlich \u2013 wir f\u00fchren zu umsetzbaren L\u00f6sungen: Speicher, Wallbox, Monitoring, Repowering, Direktvermarktung\/PPA<\/p>\t\t\t\t\t\t\t\t<\/div>\n\t\t\t\t<\/div>\n\t\t<div class=\"elementor-element elementor-element-64de4730 e-con-full animated-slow e-flex elementor-invisible e-con e-child\" data-id=\"64de4730\" data-element_type=\"container\" data-settings=\"{&quot;animation&quot;:&quot;fadeInUp&quot;}\">\n\t\t<div class=\"elementor-element elementor-element-b64cd05 e-con-full e-flex elementor-invisible e-con e-child\" data-id=\"b64cd05\" data-element_type=\"container\" data-settings=\"{&quot;background_background&quot;:&quot;classic&quot;,&quot;animation&quot;:&quot;fadeInUp&quot;}\">\n\t\t\t\t<div class=\"elementor-element elementor-element-6ef4adef elementor-widget-tablet__width-initial elementor-widget-mobile__width-inherit elementor-widget elementor-widget-counter\" data-id=\"6ef4adef\" data-element_type=\"widget\" data-widget_type=\"counter.default\">\n\t\t\t\t\t\t\t<div class=\"elementor-counter\">\n\t\t\t<div class=\"elementor-counter-title\">geeignte PV Anlagen<\/div>\t\t\t<div class=\"elementor-counter-number-wrapper\">\n\t\t\t\t<span class=\"elementor-counter-number-prefix\"><\/span>\n\t\t\t\t<span class=\"elementor-counter-number\" data-duration=\"2000\" data-to-value=\"40\" data-from-value=\"0\" data-delimiter=\",\">0<\/span>\n\t\t\t\t<span class=\"elementor-counter-number-suffix\">K+<\/span>\n\t\t\t<\/div>\n\t\t<\/div>\n\t\t\t\t\t\t<\/div>\n\t\t\t\t<\/div>\n\t\t<div class=\"elementor-element elementor-element-18dc3af9 e-con-full e-flex elementor-invisible e-con e-child\" data-id=\"18dc3af9\" data-element_type=\"container\" data-settings=\"{&quot;background_background&quot;:&quot;classic&quot;,&quot;animation&quot;:&quot;fadeInUp&quot;}\">\n\t\t\t\t<div class=\"elementor-element elementor-element-5654b268 elementor-widget elementor-widget-counter\" data-id=\"5654b268\" data-element_type=\"widget\" data-widget_type=\"counter.default\">\n\t\t\t\t\t\t\t<div class=\"elementor-counter\">\n\t\t\t<div class=\"elementor-counter-title\">KPI f\u00fcr Endkunden<\/div>\t\t\t<div class=\"elementor-counter-number-wrapper\">\n\t\t\t\t<span class=\"elementor-counter-number-prefix\"><\/span>\n\t\t\t\t<span class=\"elementor-counter-number\" data-duration=\"2000\" data-to-value=\"12\" data-from-value=\"0\" data-delimiter=\",\">0<\/span>\n\t\t\t\t<span class=\"elementor-counter-number-suffix\">K+<\/span>\n\t\t\t<\/div>\n\t\t<\/div>\n\t\t\t\t\t\t<\/div>\n\t\t\t\t<\/div>\n\t\t<div class=\"elementor-element elementor-element-3b391f3c e-con-full e-flex e-con e-child\" data-id=\"3b391f3c\" data-element_type=\"container\" data-settings=\"{&quot;background_background&quot;:&quot;classic&quot;}\">\n\t\t\t\t<div class=\"elementor-element elementor-element-31e36898 elementor-widget elementor-widget-counter\" data-id=\"31e36898\" data-element_type=\"widget\" data-widget_type=\"counter.default\">\n\t\t\t\t\t\t\t<div class=\"elementor-counter\">\n\t\t\t<div class=\"elementor-counter-title\">KPI f\u00fcr Gewerbe<\/div>\t\t\t<div class=\"elementor-counter-number-wrapper\">\n\t\t\t\t<span class=\"elementor-counter-number-prefix\"><\/span>\n\t\t\t\t<span class=\"elementor-counter-number\" data-duration=\"2000\" data-to-value=\"25\" data-from-value=\"0\" data-delimiter=\",\">0<\/span>\n\t\t\t\t<span class=\"elementor-counter-number-suffix\">M+<\/span>\n\t\t\t<\/div>\n\t\t<\/div>\n\t\t\t\t\t\t<\/div>\n\t\t\t\t<\/div>\n\t\t\t\t<\/div>\n\t\t\t\t<\/div>\n\t\t\t\t\t<\/div>\n\t\t\t\t<\/div>\n\t\t<div class=\"elementor-element elementor-element-5ce4d539 e-flex e-con-boxed e-con e-parent\" data-id=\"5ce4d539\" data-element_type=\"container\">\n\t\t\t\t\t<div class=\"e-con-inner\">\n\t\t<div class=\"elementor-element elementor-element-4bc906f e-con-full e-flex e-con e-child\" data-id=\"4bc906f\" data-element_type=\"container\">\n\t\t\t\t<\/div>\n\t\t<div class=\"elementor-element elementor-element-48cd6c0f e-con-full e-flex e-con e-child\" data-id=\"48cd6c0f\" data-element_type=\"container\">\n\t\t<div class=\"elementor-element elementor-element-602a77c0 e-con-full animated-slow e-flex elementor-invisible e-con e-child\" data-id=\"602a77c0\" data-element_type=\"container\" data-settings=\"{&quot;animation&quot;:&quot;fadeInUp&quot;}\">\n\t\t<div class=\"elementor-element elementor-element-5f0014a1 e-con-full e-flex e-con e-child\" data-id=\"5f0014a1\" data-element_type=\"container\" data-settings=\"{&quot;background_background&quot;:&quot;classic&quot;}\">\n\t\t\t\t<\/div>\n\t\t<div class=\"elementor-element elementor-element-3cde5015 e-con-full e-flex e-con e-child\" data-id=\"3cde5015\" data-element_type=\"container\">\n\t\t\t\t<div class=\"elementor-element elementor-element-4f4864bc elementor-widget elementor-widget-heading\" data-id=\"4f4864bc\" data-element_type=\"widget\" data-widget_type=\"heading.default\">\n\t\t\t\t\t<h2 class=\"elementor-heading-title elementor-size-default\">F\u00fcr Fachbetriebe<\/h2>\t\t\t\t<\/div>\n\t\t\t\t<div class=\"elementor-element elementor-element-280c951 elementor-widget elementor-widget-text-editor\" data-id=\"280c951\" data-element_type=\"widget\" data-widget_type=\"text-editor.default\">\n\t\t\t\t\t\t\t\t\t<p>Wir bereiten <strong data-start=\"95\" data-end=\"124\">\u00f6ffentliche Daten <\/strong>so auf, dass Elektrofachbetriebe gezielt Betreiber mit auslaufender F\u00f6rderung ansprechen k\u00f6nnen \u2013 <strong data-start=\"223\" data-end=\"254\" data-is-only-node=\"\">rechtssicher, DSGVO-konform<\/strong>.<\/p>\t\t\t\t\t\t\t\t<\/div>\n\t\t\t\t<div class=\"elementor-element elementor-element-255896bb elementor-mobile-align-justify elementor-align-justify elementor-widget elementor-widget-button\" data-id=\"255896bb\" data-element_type=\"widget\" data-widget_type=\"button.default\">\n\t\t\t\t\t\t\t\t\t\t<a class=\"elementor-button elementor-size-sm\" role=\"button\">\n\t\t\t\t\t\t<span class=\"elementor-button-content-wrapper\">\n\t\t\t\t\t\t\t\t\t<span class=\"elementor-button-text\">In Vorbereitung<\/span>\n\t\t\t\t\t<\/span>\n\t\t\t\t\t<\/a>\n\t\t\t\t\t\t\t\t<\/div>\n\t\t\t\t<\/div>\n\t\t\t\t<\/div>\n\t\t<div class=\"elementor-element elementor-element-7e7ff07 e-con-full animated-slow e-flex elementor-invisible e-con e-child\" data-id=\"7e7ff07\" data-element_type=\"container\" data-settings=\"{&quot;animation&quot;:&quot;fadeInUp&quot;,&quot;animation_delay&quot;:100}\">\n\t\t<div class=\"elementor-element elementor-element-21ba1a97 e-con-full e-flex e-con e-child\" data-id=\"21ba1a97\" data-element_type=\"container\" data-settings=\"{&quot;background_background&quot;:&quot;classic&quot;}\">\n\t\t\t\t<\/div>\n\t\t<div class=\"elementor-element elementor-element-7b073cdb e-con-full e-flex e-con e-child\" data-id=\"7b073cdb\" data-element_type=\"container\">\n\t\t\t\t<div class=\"elementor-element elementor-element-66438f1e elementor-widget elementor-widget-heading\" data-id=\"66438f1e\" data-element_type=\"widget\" data-widget_type=\"heading.default\">\n\t\t\t\t\t<h2 class=\"elementor-heading-title elementor-size-default\">F\u00fcr Unternehmen<\/h2>\t\t\t\t<\/div>\n\t\t\t\t<div class=\"elementor-element elementor-element-6ae1cd56 elementor-widget elementor-widget-text-editor\" data-id=\"6ae1cd56\" data-element_type=\"widget\" data-widget_type=\"text-editor.default\">\n\t\t\t\t\t\t\t\t\t<p>PPA vs Direktvermarktung, Speicherl\u00f6sungen Ma\u00dfgeschneidert nach Ihrem Bedarf<\/p>\t\t\t\t\t\t\t\t<\/div>\n\t\t\t\t<div class=\"elementor-element elementor-element-52f6fa60 elementor-mobile-align-justify elementor-align-justify elementor-widget elementor-widget-button\" data-id=\"52f6fa60\" data-element_type=\"widget\" data-widget_type=\"button.default\">\n\t\t\t\t\t\t\t\t\t\t<a class=\"elementor-button elementor-button-link elementor-size-sm\" href=\"#\">\n\t\t\t\t\t\t<span class=\"elementor-button-content-wrapper\">\n\t\t\t\t\t\t\t\t\t<span class=\"elementor-button-text\">Details<\/span>\n\t\t\t\t\t<\/span>\n\t\t\t\t\t<\/a>\n\t\t\t\t\t\t\t\t<\/div>\n\t\t\t\t<\/div>\n\t\t\t\t<\/div>\n\t\t<div class=\"elementor-element elementor-element-e6826f3 e-con-full animated-slow e-flex elementor-invisible e-con e-child\" data-id=\"e6826f3\" data-element_type=\"container\" data-settings=\"{&quot;animation&quot;:&quot;fadeInUp&quot;,&quot;animation_delay&quot;:200}\">\n\t\t<div class=\"elementor-element elementor-element-3246c8f e-con-full e-flex e-con e-child\" data-id=\"3246c8f\" data-element_type=\"container\" data-settings=\"{&quot;background_background&quot;:&quot;classic&quot;}\">\n\t\t\t\t<\/div>\n\t\t<div class=\"elementor-element elementor-element-384cf122 e-con-full e-flex e-con e-child\" data-id=\"384cf122\" data-element_type=\"container\">\n\t\t\t\t<div class=\"elementor-element elementor-element-7318645f elementor-widget elementor-widget-heading\" data-id=\"7318645f\" data-element_type=\"widget\" data-widget_type=\"heading.default\">\n\t\t\t\t\t<h2 class=\"elementor-heading-title elementor-size-default\">F\u00fcr private Betreiber<\/h2>\t\t\t\t<\/div>\n\t\t\t\t<div class=\"elementor-element elementor-element-4caa2775 elementor-widget elementor-widget-text-editor\" data-id=\"4caa2775\" data-element_type=\"widget\" data-widget_type=\"text-editor.default\">\n\t\t\t\t\t\t\t\t\t<p>Eigenverbrauch, Speicher, Wallbox,\u00a0 faire L\u00f6sungen<\/p>\t\t\t\t\t\t\t\t<\/div>\n\t\t\t\t<div class=\"elementor-element elementor-element-155704de elementor-mobile-align-justify elementor-align-justify elementor-widget elementor-widget-button\" data-id=\"155704de\" data-element_type=\"widget\" data-widget_type=\"button.default\">\n\t\t\t\t\t\t\t\t\t\t<a class=\"elementor-button elementor-button-link elementor-size-sm\" href=\"#\">\n\t\t\t\t\t\t<span class=\"elementor-button-content-wrapper\">\n\t\t\t\t\t\t\t\t\t<span class=\"elementor-button-text\">Details<\/span>\n\t\t\t\t\t<\/span>\n\t\t\t\t\t<\/a>\n\t\t\t\t\t\t\t\t<\/div>\n\t\t\t\t<\/div>\n\t\t\t\t<\/div>\n\t\t\t\t<\/div>\n\t\t\t\t\t<\/div>\n\t\t\t\t<\/div>\n\t\t\t\t<\/div>\n\t\t","protected":false},"excerpt":{"rendered":"<p>Die EEG-F\u00f6rderung endet \u2013 Ihr Ertrag nicht. Wir machen PV-Anlagen nach der F\u00f6rderung profitabel: mit klaren Konzepten f\u00fcr Elektrofachbetriebe, private Haushalte und Unternehmen \u2013 von der Analyse \u00fcber Eigenverbrauchs-Optimierung bis zur Vermarktung (\u00dc20, Direktvermarktung, Mieterstrom, PPA) inklusive Umsetzung. Kontaktieren Sie uns Unsere Vision ohneEEG bleibt PV profitabel. Wir schaffen den Standard, der Fachbetriebe skalieren l\u00e4sst [&hellip;]<\/p>\n","protected":false},"author":1,"featured_media":0,"parent":0,"menu_order":0,"comment_status":"closed","ping_status":"open","template":"elementor_header_footer","meta":{"footnotes":""},"class_list":["post-2","page","type-page","status-publish","hentry"],"jetpack_sharing_enabled":true,"_links":{"self":[{"href":"https:\/\/eegfrei.de\/index.php?rest_route=\/wp\/v2\/pages\/2","targetHints":{"allow":["GET"]}}],"collection":[{"href":"https:\/\/eegfrei.de\/index.php?rest_route=\/wp\/v2\/pages"}],"about":[{"href":"https:\/\/eegfrei.de\/index.php?rest_route=\/wp\/v2\/types\/page"}],"author":[{"embeddable":true,"href":"https:\/\/eegfrei.de\/index.php?rest_route=\/wp\/v2\/users\/1"}],"replies":[{"embeddable":true,"href":"https:\/\/eegfrei.de\/index.php?rest_route=%2Fwp%2Fv2%2Fcomments&post=2"}],"version-history":[{"count":40,"href":"https:\/\/eegfrei.de\/index.php?rest_route=\/wp\/v2\/pages\/2\/revisions"}],"predecessor-version":[{"id":1123,"href":"https:\/\/eegfrei.de\/index.php?rest_route=\/wp\/v2\/pages\/2\/revisions\/1123"}],"wp:attachment":[{"href":"https:\/\/eegfrei.de\/index.php?rest_route=%2Fwp%2Fv2%2Fmedia&parent=2"}],"curies":[{"name":"wp","href":"https:\/\/api.w.org\/{rel}","templated":true}]}}